{"id":52,"date":"2026-01-29T12:03:51","date_gmt":"2026-01-29T11:03:51","guid":{"rendered":"https:\/\/nafer.com\/?page_id=52"},"modified":"2026-05-06T16:02:50","modified_gmt":"2026-05-06T14:02:50","slug":"contacto","status":"publish","type":"page","link":"https:\/\/nafer.com\/?page_id=52","title":{"rendered":"Contacto"},"content":{"rendered":"<p>[et_pb_section fb_built=\u00bb1&#8243; _builder_version=\u00bb4.27.4&#8243; _module_preset=\u00bbdefault\u00bb background_image=\u00bbhttps:\/\/nafer.com\/wp-content\/uploads\/2026\/01\/car_repair_shop-04.jpg\u00bb custom_margin=\u00bb||0px||false|false\u00bb custom_padding=\u00bb206px||153px|||\u00bb da_disable_devices=\u00bboff|off|off\u00bb global_colors_info=\u00bb{}\u00bb da_is_popup=\u00bboff\u00bb da_exit_intent=\u00bboff\u00bb da_has_close=\u00bbon\u00bb da_alt_close=\u00bboff\u00bb da_dark_close=\u00bboff\u00bb da_not_modal=\u00bbon\u00bb da_is_singular=\u00bboff\u00bb da_with_loader=\u00bboff\u00bb da_has_shadow=\u00bbon\u00bb][et_pb_row _builder_version=\u00bb4.27.4&#8243; _module_preset=\u00bbdefault\u00bb global_colors_info=\u00bb{}\u00bb][et_pb_column type=\u00bb4_4&#8243; _builder_version=\u00bb4.27.4&#8243; _module_preset=\u00bbdefault\u00bb global_colors_info=\u00bb{}\u00bb][et_pb_text _builder_version=\u00bb4.27.5&#8243; _module_preset=\u00bb60870d62-2fd8-49f5-8b8b-5206be78e108&#8243; header_font=\u00bbPoppins||||||||\u00bb header_text_color=\u00bb#FFFFFF\u00bb header_font_size=\u00bb52px\u00bb header_font_size_tablet=\u00bb52px\u00bb header_font_size_phone=\u00bb51px\u00bb header_font_size_last_edited=\u00bbon|phone\u00bb global_colors_info=\u00bb{}\u00bb]<\/p>\n<h1>Localizaci\u00f3n y contacto<\/h1>\n<p>[\/et_pb_text][\/et_pb_column][\/et_pb_row][\/et_pb_section][et_pb_section fb_built=\u00bb1&#8243; module_id=\u00bbcont\u00bb _builder_version=\u00bb4.27.4&#8243; _module_preset=\u00bbdefault\u00bb custom_padding=\u00bb0px|||||\u00bb da_disable_devices=\u00bboff|off|off\u00bb global_colors_info=\u00bb{}\u00bb da_is_popup=\u00bboff\u00bb da_exit_intent=\u00bboff\u00bb da_has_close=\u00bbon\u00bb da_alt_close=\u00bboff\u00bb da_dark_close=\u00bboff\u00bb da_not_modal=\u00bbon\u00bb da_is_singular=\u00bboff\u00bb da_with_loader=\u00bboff\u00bb da_has_shadow=\u00bbon\u00bb][et_pb_row admin_label=\u00bbFooter Row\u00bb module_id=\u00bbcont\u00bb _builder_version=\u00bb4.27.4&#8243; width=\u00bb100%\u00bb max_width=\u00bb1600px\u00bb custom_padding=\u00bb53px|||||\u00bb global_colors_info=\u00bb{}\u00bb][et_pb_column type=\u00bb4_4&#8243; _builder_version=\u00bb4.16&#8243; custom_padding=\u00bb|||\u00bb global_colors_info=\u00bb{}\u00bb custom_padding__hover=\u00bb|||\u00bb][et_pb_text _builder_version=\u00bb4.27.4&#8243; _module_preset=\u00bb58a1d7b2-94de-4bfc-b9f1-d3cd7e2dd3fc\u00bb text_font=\u00bbPoppins||||||||\u00bb text_font_size=\u00bb19px\u00bb global_colors_info=\u00bb{}\u00bb]<\/p>\n<p style=\"text-align: center;\">Estamos aqu\u00ed para ayudarte. Cont\u00e1ctanos y te responderemos lo antes posible<\/p>\n<p>[\/et_pb_text][\/et_pb_column][\/et_pb_row][et_pb_row column_structure=\u00bb1_2,1_2&#8243; module_class=\u00bbancho\u00bb _builder_version=\u00bb4.27.5&#8243; _module_preset=\u00bbdefault\u00bb width=\u00bb100%\u00bb max_width=\u00bb1600px\u00bb max_width_tablet=\u00bb1600px\u00bb max_width_phone=\u00bb95%\u00bb max_width_last_edited=\u00bbon|phone\u00bb global_colors_info=\u00bb{}\u00bb][et_pb_column type=\u00bb1_2&#8243; _builder_version=\u00bb4.27.4&#8243; _module_preset=\u00bbdefault\u00bb global_colors_info=\u00bb{}\u00bb][et_pb_blurb title=\u00bbOficinas centrales\u00bb image=\u00bbhttps:\/\/nafer.com\/wp-content\/uploads\/2026\/01\/casa.png\u00bb icon_placement=\u00bbleft\u00bb image_icon_width=\u00bb45px\u00bb content_max_width=\u00bb100%\u00bb _builder_version=\u00bb4.27.4&#8243; _module_preset=\u00bbdefault\u00bb header_font=\u00bbPoppins||||||||\u00bb header_font_size=\u00bb19px\u00bb body_font_size=\u00bb16px\u00bb image_icon_custom_margin=\u00bb||||false|false\u00bb custom_margin=\u00bb108px||40px||false|false\u00bb global_colors_info=\u00bb{}\u00bb]<\/p>\n<p>Paseo Arrapide 79 \u2013 20160 Donostia-San Sebasti\u00e1n<\/p>\n<p>[\/et_pb_blurb][et_pb_blurb title=\u00bbTel\u00e9fono\u00bb image=\u00bbhttps:\/\/nafer.com\/wp-content\/uploads\/2026\/01\/tel.png\u00bb icon_placement=\u00bbleft\u00bb image_icon_width=\u00bb45px\u00bb content_max_width=\u00bb100%\u00bb _builder_version=\u00bb4.27.4&#8243; _module_preset=\u00bbdefault\u00bb header_font=\u00bbPoppins||||||||\u00bb header_font_size=\u00bb19px\u00bb body_font_size=\u00bb16px\u00bb image_icon_custom_margin=\u00bb||||false|false\u00bb custom_margin=\u00bb||40px||false|false\u00bb global_colors_info=\u00bb{}\u00bb]<\/p>\n<p>943 286 700<\/p>\n<p>[\/et_pb_blurb][et_pb_blurb title=\u00bbEmail\u00bb image=\u00bbhttps:\/\/nafer.com\/wp-content\/uploads\/2026\/01\/email.png\u00bb icon_placement=\u00bbleft\u00bb image_icon_width=\u00bb45px\u00bb content_max_width=\u00bb100%\u00bb _builder_version=\u00bb4.27.4&#8243; _module_preset=\u00bbdefault\u00bb header_font=\u00bbPoppins||||||||\u00bb header_font_size=\u00bb19px\u00bb body_font_size=\u00bb16px\u00bb image_icon_custom_margin=\u00bb||||false|false\u00bb custom_margin=\u00bb||79px|||\u00bb global_colors_info=\u00bb{}\u00bb]<\/p>\n<p>pedidos@nafer.com<\/p>\n<p>[\/et_pb_blurb][\/et_pb_column][et_pb_column type=\u00bb1_2&#8243; _builder_version=\u00bb4.27.4&#8243; _module_preset=\u00bbdefault\u00bb global_colors_info=\u00bb{}\u00bb][et_pb_image src=\u00bbhttps:\/\/nafer.com\/wp-content\/uploads\/2026\/02\/IMAGEN-ZUBIETA-WEB1.webp\u00bb _builder_version=\u00bb4.27.5&#8243; _module_preset=\u00bbdefault\u00bb title_text=\u00bbIMAGEN-ZUBIETA-WEB1&#8243; hover_enabled=\u00bb0&#8243; sticky_enabled=\u00bb0&#8243;][\/et_pb_image][\/et_pb_column][\/et_pb_row][\/et_pb_section]<\/p>\n","protected":false},"excerpt":{"rendered":"<p>Localizaci\u00f3n y contactoEstamos aqu\u00ed para ayudarte. Cont\u00e1ctanos y te responderemos lo antes posiblePaseo Arrapide 79 \u2013 20160 Donostia-San Sebasti\u00e1n943 286 700pedidos@nafer.com<\/p>\n","protected":false},"author":1,"featured_media":0,"parent":0,"menu_order":0,"comment_status":"closed","ping_status":"closed","template":"","meta":{"_et_pb_use_builder":"on","_et_pb_old_content":"","_et_gb_content_width":"","footnotes":""},"class_list":["post-52","page","type-page","status-publish","hentry"],"_links":{"self":[{"href":"https:\/\/nafer.com\/index.php?rest_route=\/wp\/v2\/pages\/52","targetHints":{"allow":["GET"]}}],"collection":[{"href":"https:\/\/nafer.com\/index.php?rest_route=\/wp\/v2\/pages"}],"about":[{"href":"https:\/\/nafer.com\/index.php?rest_route=\/wp\/v2\/types\/page"}],"author":[{"embeddable":true,"href":"https:\/\/nafer.com\/index.php?rest_route=\/wp\/v2\/users\/1"}],"replies":[{"embeddable":true,"href":"https:\/\/nafer.com\/index.php?rest_route=%2Fwp%2Fv2%2Fcomments&post=52"}],"version-history":[{"count":8,"href":"https:\/\/nafer.com\/index.php?rest_route=\/wp\/v2\/pages\/52\/revisions"}],"predecessor-version":[{"id":375,"href":"https:\/\/nafer.com\/index.php?rest_route=\/wp\/v2\/pages\/52\/revisions\/375"}],"wp:attachment":[{"href":"https:\/\/nafer.com\/index.php?rest_route=%2Fwp%2Fv2%2Fmedia&parent=52"}],"curies":[{"name":"wp","href":"https:\/\/api.w.org\/{rel}","templated":true}]}}