{"id":320,"date":"2026-03-01T11:24:21","date_gmt":"2026-03-01T10:24:21","guid":{"rendered":"https:\/\/nafer.com\/?page_id=320"},"modified":"2026-04-07T08:21:41","modified_gmt":"2026-04-07T06:21:41","slug":"carroceria-y-herramientas","status":"publish","type":"page","link":"https:\/\/nafer.com\/?page_id=320","title":{"rendered":"Carrocer\u00eda y herramientas"},"content":{"rendered":"<p>[et_pb_section fb_built=\u00bb1&#8243; _builder_version=\u00bb4.27.4&#8243; _module_preset=\u00bbdefault\u00bb background_image=\u00bbhttps:\/\/nafer.com\/wp-content\/uploads\/2026\/02\/car_repair_shop-04.jpg\u00bb custom_margin=\u00bb||0px||false|false\u00bb custom_padding=\u00bb274px||103px|||\u00bb da_disable_devices=\u00bboff|off|off\u00bb global_colors_info=\u00bb{}\u00bb da_is_popup=\u00bboff\u00bb da_exit_intent=\u00bboff\u00bb da_has_close=\u00bbon\u00bb da_alt_close=\u00bboff\u00bb da_dark_close=\u00bboff\u00bb da_not_modal=\u00bbon\u00bb da_is_singular=\u00bboff\u00bb da_with_loader=\u00bboff\u00bb da_has_shadow=\u00bbon\u00bb][et_pb_row _builder_version=\u00bb4.27.4&#8243; _module_preset=\u00bbdefault\u00bb global_colors_info=\u00bb{}\u00bb][et_pb_column type=\u00bb4_4&#8243; _builder_version=\u00bb4.27.4&#8243; _module_preset=\u00bbdefault\u00bb global_colors_info=\u00bb{}\u00bb][et_pb_text _builder_version=\u00bb4.27.5&#8243; _module_preset=\u00bb60870d62-2fd8-49f5-8b8b-5206be78e108&#8243; header_font=\u00bbPoppins||||||||\u00bb header_text_color=\u00bb#FFFFFF\u00bb header_font_size=\u00bb52px\u00bb custom_margin=\u00bb||0px||false|false\u00bb custom_padding=\u00bb||0px||false|false\u00bb hover_enabled=\u00bb0&#8243; global_colors_info=\u00bb{}\u00bb sticky_enabled=\u00bb0&#8243;]<\/p>\n<h1>Carrocer\u00eda y herramientas<\/h1>\n<p>[\/et_pb_text][et_pb_text _builder_version=\u00bb4.27.4&#8243; _module_preset=\u00bb58a1d7b2-94de-4bfc-b9f1-d3cd7e2dd3fc\u00bb text_font=\u00bbPoppins||||||||\u00bb text_text_color=\u00bb#FFFFFF\u00bb text_font_size=\u00bb27px\u00bb custom_margin=\u00bb0px||0px||false|false\u00bb custom_padding=\u00bb0px||0px||false|false\u00bb global_colors_info=\u00bb{}\u00bb]<\/p>\n<p>Somos distribuidores de las mejores marcas del sector del automovil.<\/p>\n<p>[\/et_pb_text][\/et_pb_column][\/et_pb_row][\/et_pb_section][et_pb_section fb_built=\u00bb1&#8243; disabled_on=\u00bboff|off|off\u00bb _builder_version=\u00bb4.27.5&#8243; _module_preset=\u00bbdefault\u00bb background_color=\u00bb#FFFFFF\u00bb custom_padding=\u00bb||53px|||\u00bb da_disable_devices=\u00bboff|off|off\u00bb global_colors_info=\u00bb{}\u00bb da_is_popup=\u00bboff\u00bb da_exit_intent=\u00bboff\u00bb da_has_close=\u00bbon\u00bb da_alt_close=\u00bboff\u00bb da_dark_close=\u00bboff\u00bb da_not_modal=\u00bbon\u00bb da_is_singular=\u00bboff\u00bb da_with_loader=\u00bboff\u00bb da_has_shadow=\u00bbon\u00bb][et_pb_row _builder_version=\u00bb4.27.4&#8243; width=\u00bb85.9%\u00bb custom_padding=\u00bb||14px||false|false\u00bb global_colors_info=\u00bb{}\u00bb][et_pb_column type=\u00bb4_4&#8243; _builder_version=\u00bb4.16&#8243; custom_padding=\u00bb|||\u00bb global_colors_info=\u00bb{}\u00bb custom_padding__hover=\u00bb|||\u00bb][et_pb_text _builder_version=\u00bb4.27.5&#8243; _module_preset=\u00bb79cdabfc-209d-4ccc-acc5-613999a5452c\u00bb header_2_font=\u00bbPoppins||||||||\u00bb header_2_font_size=\u00bb35px\u00bb custom_margin=\u00bb||20px|||\u00bb header_2_font_size_tablet=\u00bb35px\u00bb header_2_font_size_phone=\u00bb35px\u00bb header_2_font_size_last_edited=\u00bbon|phone\u00bb global_colors_info=\u00bb{}\u00bb]<\/p>\n<h2 style=\"text-align: center;\">Nuestros <span style=\"color: #ff0000;\">fabricantes<\/span><\/h2>\n<p>[\/et_pb_text][\/et_pb_column][\/et_pb_row][et_pb_row column_structure=\u00bb1_3,1_3,1_3&#8243; use_custom_gutter=\u00bbon\u00bb gutter_width=\u00bb2&#8243; make_equal=\u00bbon\u00bb module_class=\u00bbancho\u00bb _builder_version=\u00bb4.27.5&#8243; _module_preset=\u00bbdefault\u00bb max_width=\u00bb1600px\u00bb custom_padding=\u00bb||2px|||\u00bb global_colors_info=\u00bb{}\u00bb][et_pb_column type=\u00bb1_3&#8243; module_class=\u00bbconmu card\u00bb _builder_version=\u00bb4.27.5&#8243; _module_preset=\u00bbdefault\u00bb global_colors_info=\u00bb{}\u00bb][et_pb_image src=\u00bbhttps:\/\/nafer.com\/wp-content\/uploads\/2026\/03\/alkar.png\u00bb title_text=\u00bbalkar\u00bb _builder_version=\u00bb4.27.5&#8243; _module_preset=\u00bbdefault\u00bb width=\u00bb36%\u00bb custom_margin=\u00bb||8px||false|false\u00bb custom_padding=\u00bb||0px||false|false\u00bb global_colors_info=\u00bb{}\u00bb][\/et_pb_image][et_pb_text _builder_version=\u00bb4.27.5&#8243; _module_preset=\u00bbdefault\u00bb header_font=\u00bbPoppins|700|||||||\u00bb header_font_size=\u00bb29px\u00bb header_3_font=\u00bbPoppins||||||||\u00bb custom_margin=\u00bb10px||0px||false|false\u00bb custom_padding=\u00bb29px||7px||false|false\u00bb global_colors_info=\u00bb{}\u00bb]<\/p>\n<h3>ALKAR<\/h3>\n<p>Con m\u00e1s de 55 a\u00f1os de experiencia, la empresa espa\u00f1ola ALKAR ofrece la gama m\u00e1s amplia del mercado en espejos retrovisores exteriores y sistemas de iluminaci\u00f3n para autom\u00f3viles, con m\u00e1s de 16.200 referencias que cubren el 98 % del parque europeo.<\/p>\n<p>[\/et_pb_text][et_pb_toggle title=\u00bbVer m\u00e1s\u00bb open_toggle_text_color=\u00bb#E02B20&#8243; open_toggle_background_color=\u00bbRGBA(255,255,255,0)\u00bb closed_toggle_background_color=\u00bbRGBA(255,255,255,0)\u00bb icon_color=\u00bb#E02B20&#8243; toggle_icon=\u00bb&#x24;||divi||400&#8243; use_icon_font_size=\u00bbon\u00bb icon_font_size=\u00bb25px\u00bb open_toggle_icon=\u00bb&#x23;||divi||400&#8243; _builder_version=\u00bb4.27.5&#8243; _module_preset=\u00bbdefault\u00bb title_text_color=\u00bb#E02B20&#8243; title_font=\u00bb|600|||||||\u00bb title_font_size=\u00bb14px\u00bb position_origin_r=\u00bbbottom_right\u00bb custom_margin=\u00bb18px||-5px||false|false\u00bb custom_padding=\u00bb0px|||0px|false|false\u00bb border_width_all=\u00bb0px\u00bb global_colors_info=\u00bb{}\u00bb]<\/p>\n<ul>\n<li>Espejos retrovisores exteriores completos<\/li>\n<li>Cristales de espejo y piezas de carcasa<\/li>\n<\/ul>\n<p>[\/et_pb_toggle][et_pb_divider color=\u00bb#E02B20&#8243; divider_weight=\u00bb6px\u00bb module_class=\u00bbcard-border\u00bb _builder_version=\u00bb4.27.5&#8243; _module_preset=\u00bbdefault\u00bb global_colors_info=\u00bb{}\u00bb][\/et_pb_divider][\/et_pb_column][et_pb_column type=\u00bb1_3&#8243; module_class=\u00bbconmu card\u00bb _builder_version=\u00bb4.27.5&#8243; _module_preset=\u00bbdefault\u00bb global_colors_info=\u00bb{}\u00bb][et_pb_image src=\u00bbhttps:\/\/nafer.com\/wp-content\/uploads\/2026\/03\/phiira.png\u00bb title_text=\u00bbphiira\u00bb _builder_version=\u00bb4.27.5&#8243; _module_preset=\u00bbdefault\u00bb width=\u00bb28%\u00bb custom_margin=\u00bb||8px||false|false\u00bb custom_padding=\u00bb||0px||false|false\u00bb global_colors_info=\u00bb{}\u00bb][\/et_pb_image][et_pb_text _builder_version=\u00bb4.27.5&#8243; _module_preset=\u00bbdefault\u00bb header_font=\u00bbPoppins|700|||||||\u00bb header_font_size=\u00bb29px\u00bb header_3_font=\u00bbPoppins||||||||\u00bb custom_margin=\u00bb10px||0px||false|false\u00bb custom_padding=\u00bb||7px||false|false\u00bb global_colors_info=\u00bb{}\u00bb]<\/p>\n<h3>Phiira<\/h3>\n<p>Fundada (constituci\u00f3n registrada) el 4 de marzo de 1980 en Sant Joan Desp\u00ed (Barcelona), PHIRA Componentes Automoci\u00f3n S.A. es el \u00fanico fabricante espa\u00f1ol independiente de paragolpes y piezas de pl\u00e1stico de carrocer\u00eda para turismos.<\/p>\n<p>[\/et_pb_text][et_pb_toggle title=\u00bbVer m\u00e1s\u00bb open_toggle_text_color=\u00bb#E02B20&#8243; open_toggle_background_color=\u00bbRGBA(255,255,255,0)\u00bb closed_toggle_background_color=\u00bbRGBA(255,255,255,0)\u00bb icon_color=\u00bb#E02B20&#8243; toggle_icon=\u00bb&#x24;||divi||400&#8243; use_icon_font_size=\u00bbon\u00bb icon_font_size=\u00bb25px\u00bb open_toggle_icon=\u00bb&#x23;||divi||400&#8243; _builder_version=\u00bb4.27.5&#8243; _module_preset=\u00bbdefault\u00bb title_text_color=\u00bb#E02B20&#8243; title_font=\u00bb|600|||||||\u00bb title_font_size=\u00bb14px\u00bb position_origin_r=\u00bbbottom_right\u00bb custom_margin=\u00bb0px||-6px||false|false\u00bb custom_padding=\u00bb0px|||0px|false|false\u00bb border_width_all=\u00bb0px\u00bb global_colors_info=\u00bb{}\u00bb]<\/p>\n<ul>\n<li>Paragolpes para turismos<\/li>\n<li>Rejillas de frontal<\/li>\n<li>Piezas de pl\u00e1stico de carrocer\u00eda<\/li>\n<li>Accesorios de reparaci\u00f3n para chapa\/pl\u00e1stico<\/li>\n<li>Pl\u00e1sticos de recambio homologados<\/li>\n<\/ul>\n<p>[\/et_pb_toggle][et_pb_divider color=\u00bb#E02B20&#8243; divider_weight=\u00bb6px\u00bb module_class=\u00bbcard-border\u00bb _builder_version=\u00bb4.27.5&#8243; _module_preset=\u00bbdefault\u00bb locked=\u00bboff\u00bb global_colors_info=\u00bb{}\u00bb][\/et_pb_divider][\/et_pb_column][et_pb_column type=\u00bb1_3&#8243; module_class=\u00bbconmu card\u00bb _builder_version=\u00bb4.27.5&#8243; _module_preset=\u00bbdefault\u00bb global_colors_info=\u00bb{}\u00bb][et_pb_image src=\u00bbhttps:\/\/nafer.com\/wp-content\/uploads\/2026\/03\/jumasa.png\u00bb title_text=\u00bbjumasa\u00bb _builder_version=\u00bb4.27.5&#8243; _module_preset=\u00bbdefault\u00bb width=\u00bb33%\u00bb custom_margin=\u00bb||8px||false|false\u00bb custom_padding=\u00bb||0px||false|false\u00bb global_colors_info=\u00bb{}\u00bb][\/et_pb_image][et_pb_text _builder_version=\u00bb4.27.5&#8243; _module_preset=\u00bbdefault\u00bb header_font=\u00bbPoppins|700|||||||\u00bb header_font_size=\u00bb29px\u00bb header_3_font=\u00bbPoppins||||||||\u00bb custom_margin=\u00bb17px||0px||false|false\u00bb custom_padding=\u00bb||7px||false|false\u00bb global_colors_info=\u00bb{}\u00bb]<\/p>\n<h3>JUMASA<\/h3>\n<p>Empresa espa\u00f1ola fundada en 1980, JUMASA es un referente en el suministro de recambios de carrocer\u00eda e iluminaci\u00f3n.<\/p>\n<p>[\/et_pb_text][et_pb_toggle title=\u00bbVer m\u00e1s\u00bb open_toggle_text_color=\u00bb#E02B20&#8243; open_toggle_background_color=\u00bbRGBA(255,255,255,0)\u00bb closed_toggle_background_color=\u00bbRGBA(255,255,255,0)\u00bb icon_color=\u00bb#E02B20&#8243; toggle_icon=\u00bb&#x24;||divi||400&#8243; use_icon_font_size=\u00bbon\u00bb icon_font_size=\u00bb25px\u00bb open_toggle_icon=\u00bb&#x23;||divi||400&#8243; _builder_version=\u00bb4.27.5&#8243; _module_preset=\u00bbdefault\u00bb title_text_color=\u00bb#E02B20&#8243; title_font=\u00bb|600|||||||\u00bb title_font_size=\u00bb14px\u00bb position_origin_r=\u00bbbottom_right\u00bb custom_margin=\u00bb13px||||false|false\u00bb custom_padding=\u00bb0px|||0px|false|false\u00bb border_width_all=\u00bb0px\u00bb global_colors_info=\u00bb{}\u00bb]<\/p>\n<ul>\n<li>Faros, pilotos y antinieblas<\/li>\n<li>Paragolpes y rejillas<\/li>\n<li>Espejos y retrovisores<\/li>\n<li>Cap\u00f3s, aletas y pasos de rueda<\/li>\n<li>Componentes de carrocer\u00eda y accesorios<\/li>\n<li>Repuestos pl\u00e1sticos homologados<\/li>\n<\/ul>\n<p>[\/et_pb_toggle][et_pb_divider color=\u00bb#E02B20&#8243; divider_weight=\u00bb6px\u00bb module_class=\u00bbcard-border\u00bb _builder_version=\u00bb4.27.5&#8243; _module_preset=\u00bbdefault\u00bb custom_margin=\u00bb-28px|||||\u00bb locked=\u00bboff\u00bb global_colors_info=\u00bb{}\u00bb][\/et_pb_divider][\/et_pb_column][\/et_pb_row][et_pb_row column_structure=\u00bb1_3,1_3,1_3&#8243; use_custom_gutter=\u00bbon\u00bb gutter_width=\u00bb2&#8243; make_equal=\u00bbon\u00bb module_class=\u00bbancho\u00bb _builder_version=\u00bb4.27.5&#8243; _module_preset=\u00bbdefault\u00bb max_width=\u00bb1600px\u00bb custom_padding=\u00bb||2px|||\u00bb global_colors_info=\u00bb{}\u00bb][et_pb_column type=\u00bb1_3&#8243; module_class=\u00bbconmu card\u00bb _builder_version=\u00bb4.27.5&#8243; _module_preset=\u00bbdefault\u00bb global_colors_info=\u00bb{}\u00bb][et_pb_image src=\u00bbhttps:\/\/nafer.com\/wp-content\/uploads\/2026\/03\/CRUZ.jpg\u00bb title_text=\u00bbCRUZ\u00bb _builder_version=\u00bb4.27.5&#8243; _module_preset=\u00bbdefault\u00bb width=\u00bb26%\u00bb custom_margin=\u00bb||8px||false|false\u00bb custom_padding=\u00bb||0px||false|false\u00bb global_colors_info=\u00bb{}\u00bb][\/et_pb_image][et_pb_text _builder_version=\u00bb4.27.5&#8243; _module_preset=\u00bbdefault\u00bb header_font=\u00bbPoppins|700|||||||\u00bb header_font_size=\u00bb29px\u00bb header_3_font=\u00bbPoppins||||||||\u00bb custom_margin=\u00bb10px||0px||false|false\u00bb custom_padding=\u00bb0px||7px||false|false\u00bb global_colors_info=\u00bb{}\u00bb]<\/p>\n<p><strong>CRUZBER<\/strong><\/p>\n<p>Fundada en 1963 por Antonio Cruz Luna en Rute (C\u00f3rdoba, Espa\u00f1a) la empresa se ha consolidado como uno de los fabricantes l\u00edderes en Europa de barras de techo, portaequipajes, cofres y accesorios de transporte para turismos, SUV y veh\u00edculos comerciales<\/p>\n<p>[\/et_pb_text][et_pb_toggle title=\u00bbVer m\u00e1s\u00bb open_toggle_text_color=\u00bb#E02B20&#8243; open_toggle_background_color=\u00bbRGBA(255,255,255,0)\u00bb closed_toggle_background_color=\u00bbRGBA(255,255,255,0)\u00bb icon_color=\u00bb#E02B20&#8243; toggle_icon=\u00bb&#x24;||divi||400&#8243; use_icon_font_size=\u00bbon\u00bb icon_font_size=\u00bb25px\u00bb open_toggle_icon=\u00bb&#x23;||divi||400&#8243; _builder_version=\u00bb4.27.5&#8243; _module_preset=\u00bbdefault\u00bb title_text_color=\u00bb#E02B20&#8243; title_font=\u00bb|600|||||||\u00bb title_font_size=\u00bb14px\u00bb position_origin_r=\u00bbbottom_right\u00bb custom_margin=\u00bb18px||-5px||false|false\u00bb custom_padding=\u00bb0px|||0px|false|false\u00bb border_width_all=\u00bb0px\u00bb global_colors_info=\u00bb{}\u00bb]<\/p>\n<ul>\n<li>Barras de techo de aluminio y acero<\/li>\n<li>Portaequipajes para turismos y comerciales<\/li>\n<li>Cofres de techo, maleteros y cofres traseros<\/li>\n<li>Portabicicletas (bola de remolque \/ techo)<\/li>\n<li>Porta esquis\/snowboards\/kayaks\/surfboards<\/li>\n<li>Sistemas de transporte para veh\u00edculos profesionales (LCV)<\/li>\n<\/ul>\n<p>[\/et_pb_toggle][et_pb_divider color=\u00bb#E02B20&#8243; divider_weight=\u00bb6px\u00bb module_class=\u00bbcard-border\u00bb _builder_version=\u00bb4.27.5&#8243; _module_preset=\u00bbdefault\u00bb global_colors_info=\u00bb{}\u00bb][\/et_pb_divider][\/et_pb_column][et_pb_column type=\u00bb1_3&#8243; module_class=\u00bbconmu card\u00bb _builder_version=\u00bb4.27.5&#8243; _module_preset=\u00bbdefault\u00bb global_colors_info=\u00bb{}\u00bb][et_pb_image src=\u00bbhttps:\/\/nafer.com\/wp-content\/uploads\/2026\/03\/bahco.png\u00bb title_text=\u00bbbahco\u00bb _builder_version=\u00bb4.27.5&#8243; _module_preset=\u00bbdefault\u00bb width=\u00bb23%\u00bb custom_margin=\u00bb||8px||false|false\u00bb custom_padding=\u00bb||0px||false|false\u00bb filter_brightness=\u00bb139%\u00bb global_colors_info=\u00bb{}\u00bb][\/et_pb_image][et_pb_text _builder_version=\u00bb4.27.5&#8243; _module_preset=\u00bbdefault\u00bb header_font=\u00bbPoppins|700|||||||\u00bb header_font_size=\u00bb29px\u00bb header_3_font=\u00bbPoppins||||||||\u00bb custom_margin=\u00bb10px||0px||false|false\u00bb custom_padding=\u00bb1px||7px||false|false\u00bb global_colors_info=\u00bb{}\u00bb]<\/p>\n<p><strong>BAHCO<\/strong><\/p>\n<p>Con m\u00e1s de 130 a\u00f1os de historia, <strong>Bahco<\/strong> fue fundada en 1886 en Suecia y hoy pertenece al grupo <strong>SNA Europe<\/strong>. Es una de las marcas m\u00e1s prestigiosas en herramientas manuales y equipos para taller.<\/p>\n<p>[\/et_pb_text][et_pb_toggle title=\u00bbVer m\u00e1s\u00bb open_toggle_text_color=\u00bb#E02B20&#8243; open_toggle_background_color=\u00bbRGBA(255,255,255,0)\u00bb closed_toggle_background_color=\u00bbRGBA(255,255,255,0)\u00bb icon_color=\u00bb#E02B20&#8243; toggle_icon=\u00bb&#x24;||divi||400&#8243; use_icon_font_size=\u00bbon\u00bb icon_font_size=\u00bb25px\u00bb open_toggle_icon=\u00bb&#x23;||divi||400&#8243; _builder_version=\u00bb4.27.5&#8243; _module_preset=\u00bbdefault\u00bb title_text_color=\u00bb#E02B20&#8243; title_font=\u00bb|600|||||||\u00bb title_font_size=\u00bb14px\u00bb position_origin_r=\u00bbbottom_right\u00bb custom_margin=\u00bb18px||-5px||false|false\u00bb custom_padding=\u00bb0px|||0px|false|false\u00bb border_width_all=\u00bb0px\u00bb global_colors_info=\u00bb{}\u00bb]<\/p>\n<ul>\n<li>Herramientas manuales (llaves, destornilladores, alicates)<\/li>\n<li>Carros y cajas de herramientas profesionales<\/li>\n<li>Gatos hidr\u00e1ulicos y utillaje de taller<\/li>\n<li>Sierras, limas y herramientas de corte<\/li>\n<li>Equipos de apriete, dinamom\u00e9tricas y accesorios<\/li>\n<li>Kits de mantenimiento y almacenamiento industrial<\/li>\n<\/ul>\n<p>[\/et_pb_toggle][et_pb_divider color=\u00bb#E02B20&#8243; divider_weight=\u00bb6px\u00bb module_class=\u00bbcard-border\u00bb _builder_version=\u00bb4.27.5&#8243; _module_preset=\u00bbdefault\u00bb global_colors_info=\u00bb{}\u00bb][\/et_pb_divider][\/et_pb_column][et_pb_column type=\u00bb1_3&#8243; _builder_version=\u00bb4.27.5&#8243; _module_preset=\u00bbdefault\u00bb global_colors_info=\u00bb{}\u00bb][\/et_pb_column][\/et_pb_row][\/et_pb_section]<\/p>\n","protected":false},"excerpt":{"rendered":"<p>Carrocer\u00eda y herramientasSomos distribuidores de las mejores marcas del sector del automovil.Nuestros fabricantesALKAR Con m\u00e1s de 55 a\u00f1os de experiencia, la empresa espa\u00f1ola ALKAR ofrece la gama m\u00e1s amplia del mercado en espejos retrovisores exteriores y sistemas de iluminaci\u00f3n para autom\u00f3viles, con m\u00e1s de 16.200 referencias que cubren el 98 % del parque europeo. Espejos retrovisores exteriores completos Cristales de espejo y piezas de carcasa Phiira Fundada (constituci\u00f3n registrada) el 4 de marzo de 1980 en Sant Joan Desp\u00ed (Barcelona), PHIRA Componentes Automoci\u00f3n S.A. es el \u00fanico fabricante espa\u00f1ol independiente de paragolpes y piezas de pl\u00e1stico de carrocer\u00eda para turismos. Paragolpes para turismos Rejillas de frontal Piezas de pl\u00e1stico de carrocer\u00eda Accesorios de reparaci\u00f3n para chapa\/pl\u00e1stico Pl\u00e1sticos de recambio homologados JUMASA Empresa espa\u00f1ola fundada en 1980, JUMASA es un referente en el suministro de recambios de carrocer\u00eda e iluminaci\u00f3n. Faros, pilotos y antinieblas Paragolpes y rejillas Espejos y retrovisores Cap\u00f3s, aletas y pasos de rueda Componentes de carrocer\u00eda y accesorios Repuestos pl\u00e1sticos homologados CRUZBER Fundada en 1963 por Antonio Cruz Luna en Rute (C\u00f3rdoba, Espa\u00f1a) la empresa se ha consolidado como uno de los fabricantes l\u00edderes en Europa de barras de techo, portaequipajes, cofres y accesorios de transporte para turismos, [&hellip;]<\/p>\n","protected":false},"author":1,"featured_media":0,"parent":0,"menu_order":0,"comment_status":"closed","ping_status":"closed","template":"","meta":{"_et_pb_use_builder":"on","_et_pb_old_content":"","_et_gb_content_width":"","footnotes":""},"class_list":["post-320","page","type-page","status-publish","hentry"],"_links":{"self":[{"href":"https:\/\/nafer.com\/index.php?rest_route=\/wp\/v2\/pages\/320","targetHints":{"allow":["GET"]}}],"collection":[{"href":"https:\/\/nafer.com\/index.php?rest_route=\/wp\/v2\/pages"}],"about":[{"href":"https:\/\/nafer.com\/index.php?rest_route=\/wp\/v2\/types\/page"}],"author":[{"embeddable":true,"href":"https:\/\/nafer.com\/index.php?rest_route=\/wp\/v2\/users\/1"}],"replies":[{"embeddable":true,"href":"https:\/\/nafer.com\/index.php?rest_route=%2Fwp%2Fv2%2Fcomments&post=320"}],"version-history":[{"count":4,"href":"https:\/\/nafer.com\/index.php?rest_route=\/wp\/v2\/pages\/320\/revisions"}],"predecessor-version":[{"id":348,"href":"https:\/\/nafer.com\/index.php?rest_route=\/wp\/v2\/pages\/320\/revisions\/348"}],"wp:attachment":[{"href":"https:\/\/nafer.com\/index.php?rest_route=%2Fwp%2Fv2%2Fmedia&parent=320"}],"curies":[{"name":"wp","href":"https:\/\/api.w.org\/{rel}","templated":true}]}}