{"id":314,"date":"2026-03-01T11:07:43","date_gmt":"2026-03-01T10:07:43","guid":{"rendered":"https:\/\/nafer.com\/?page_id=314"},"modified":"2026-04-07T08:20:31","modified_gmt":"2026-04-07T06:20:31","slug":"lubricantes-y-aditivos","status":"publish","type":"page","link":"https:\/\/nafer.com\/?page_id=314","title":{"rendered":"Lubricantes y aditivos"},"content":{"rendered":"<p>[et_pb_section fb_built=\u00bb1&#8243; _builder_version=\u00bb4.27.4&#8243; _module_preset=\u00bbdefault\u00bb background_image=\u00bbhttps:\/\/nafer.com\/wp-content\/uploads\/2026\/02\/car_repair_shop-04.jpg\u00bb custom_margin=\u00bb||0px||false|false\u00bb custom_padding=\u00bb274px||103px|||\u00bb da_disable_devices=\u00bboff|off|off\u00bb global_colors_info=\u00bb{}\u00bb da_is_popup=\u00bboff\u00bb da_exit_intent=\u00bboff\u00bb da_has_close=\u00bbon\u00bb da_alt_close=\u00bboff\u00bb da_dark_close=\u00bboff\u00bb da_not_modal=\u00bbon\u00bb da_is_singular=\u00bboff\u00bb da_with_loader=\u00bboff\u00bb da_has_shadow=\u00bbon\u00bb][et_pb_row _builder_version=\u00bb4.27.4&#8243; _module_preset=\u00bbdefault\u00bb global_colors_info=\u00bb{}\u00bb][et_pb_column type=\u00bb4_4&#8243; _builder_version=\u00bb4.27.4&#8243; _module_preset=\u00bbdefault\u00bb global_colors_info=\u00bb{}\u00bb][et_pb_text _builder_version=\u00bb4.27.5&#8243; _module_preset=\u00bb60870d62-2fd8-49f5-8b8b-5206be78e108&#8243; header_font=\u00bbPoppins||||||||\u00bb header_text_color=\u00bb#FFFFFF\u00bb header_font_size=\u00bb52px\u00bb custom_margin=\u00bb||0px||false|false\u00bb custom_padding=\u00bb||0px||false|false\u00bb hover_enabled=\u00bb0&#8243; global_colors_info=\u00bb{}\u00bb sticky_enabled=\u00bb0&#8243;]<\/p>\n<h1>Lubricantes y aditivos<\/h1>\n<p>[\/et_pb_text][et_pb_text _builder_version=\u00bb4.27.4&#8243; _module_preset=\u00bb58a1d7b2-94de-4bfc-b9f1-d3cd7e2dd3fc\u00bb text_font=\u00bbPoppins||||||||\u00bb text_text_color=\u00bb#FFFFFF\u00bb text_font_size=\u00bb27px\u00bb custom_margin=\u00bb0px||0px||false|false\u00bb custom_padding=\u00bb0px||0px||false|false\u00bb global_colors_info=\u00bb{}\u00bb]<\/p>\n<p>Somos distribuidores de las mejores marcas del sector del automovil.<\/p>\n<p>[\/et_pb_text][\/et_pb_column][\/et_pb_row][\/et_pb_section][et_pb_section fb_built=\u00bb1&#8243; disabled_on=\u00bboff|off|off\u00bb _builder_version=\u00bb4.27.5&#8243; _module_preset=\u00bbdefault\u00bb background_color=\u00bb#FFFFFF\u00bb custom_padding=\u00bb||53px|||\u00bb da_disable_devices=\u00bboff|off|off\u00bb global_colors_info=\u00bb{}\u00bb da_is_popup=\u00bboff\u00bb da_exit_intent=\u00bboff\u00bb da_has_close=\u00bbon\u00bb da_alt_close=\u00bboff\u00bb da_dark_close=\u00bboff\u00bb da_not_modal=\u00bbon\u00bb da_is_singular=\u00bboff\u00bb da_with_loader=\u00bboff\u00bb da_has_shadow=\u00bbon\u00bb][et_pb_row _builder_version=\u00bb4.27.4&#8243; width=\u00bb85.9%\u00bb custom_padding=\u00bb||14px||false|false\u00bb global_colors_info=\u00bb{}\u00bb][et_pb_column type=\u00bb4_4&#8243; _builder_version=\u00bb4.16&#8243; custom_padding=\u00bb|||\u00bb global_colors_info=\u00bb{}\u00bb custom_padding__hover=\u00bb|||\u00bb][et_pb_text _builder_version=\u00bb4.27.5&#8243; _module_preset=\u00bb79cdabfc-209d-4ccc-acc5-613999a5452c\u00bb header_2_font=\u00bbPoppins||||||||\u00bb header_2_font_size=\u00bb35px\u00bb custom_margin=\u00bb||20px|||\u00bb header_2_font_size_tablet=\u00bb35px\u00bb header_2_font_size_phone=\u00bb35px\u00bb header_2_font_size_last_edited=\u00bbon|phone\u00bb global_colors_info=\u00bb{}\u00bb]<\/p>\n<h2 style=\"text-align: center;\">Nuestros <span style=\"color: #ff0000;\">fabricantes<\/span><\/h2>\n<p>[\/et_pb_text][\/et_pb_column][\/et_pb_row][et_pb_row column_structure=\u00bb1_3,1_3,1_3&#8243; use_custom_gutter=\u00bbon\u00bb gutter_width=\u00bb2&#8243; make_equal=\u00bbon\u00bb module_class=\u00bbancho\u00bb _builder_version=\u00bb4.27.5&#8243; _module_preset=\u00bbdefault\u00bb max_width=\u00bb1600px\u00bb custom_padding=\u00bb||2px|||\u00bb global_colors_info=\u00bb{}\u00bb][et_pb_column type=\u00bb1_3&#8243; module_class=\u00bbconmu card\u00bb _builder_version=\u00bb4.27.5&#8243; _module_preset=\u00bbdefault\u00bb global_colors_info=\u00bb{}\u00bb][et_pb_image src=\u00bbhttps:\/\/nafer.com\/wp-content\/uploads\/2026\/03\/krafft.png\u00bb title_text=\u00bbkrafft\u00bb show_bottom_space=\u00bboff\u00bb _builder_version=\u00bb4.27.5&#8243; _module_preset=\u00bbdefault\u00bb width=\u00bb27%\u00bb custom_margin=\u00bb||0px||false|false\u00bb custom_padding=\u00bb||0px|0px|false|false\u00bb global_colors_info=\u00bb{}\u00bb][\/et_pb_image][et_pb_text _builder_version=\u00bb4.27.5&#8243; _module_preset=\u00bbdefault\u00bb header_font=\u00bbPoppins|700|||||||\u00bb header_font_size=\u00bb29px\u00bb header_3_font=\u00bbPoppins||||||||\u00bb custom_margin=\u00bb10px||0px||false|false\u00bb custom_padding=\u00bb0px||7px||false|false\u00bb global_colors_info=\u00bb{}\u00bb]<\/p>\n<h3>Krafft<\/h3>\n<p>Fundada en 1963 en Barcelona, <strong>Krafft<\/strong> es una de las marcas espa\u00f1olas m\u00e1s consolidadas en productos qu\u00edmicos para el mantenimiento del veh\u00edculo y la industria.<\/p>\n<p>[\/et_pb_text][et_pb_toggle title=\u00bbVer m\u00e1s\u00bb open_toggle_text_color=\u00bb#E02B20&#8243; open_toggle_background_color=\u00bbRGBA(255,255,255,0)\u00bb closed_toggle_background_color=\u00bbRGBA(255,255,255,0)\u00bb icon_color=\u00bb#E02B20&#8243; toggle_icon=\u00bb&#x24;||divi||400&#8243; use_icon_font_size=\u00bbon\u00bb icon_font_size=\u00bb25px\u00bb open_toggle_icon=\u00bb&#x23;||divi||400&#8243; _builder_version=\u00bb4.27.5&#8243; _module_preset=\u00bbdefault\u00bb title_text_color=\u00bb#E02B20&#8243; title_font=\u00bb|600|||||||\u00bb title_font_size=\u00bb14px\u00bb position_origin_r=\u00bbbottom_right\u00bb custom_margin=\u00bb18px||-5px||false|false\u00bb custom_padding=\u00bb0px|||0px|false|false\u00bb border_width_all=\u00bb0px\u00bb global_colors_info=\u00bb{}\u00bb]<\/p>\n<ul>\n<li>Anticongelantes y l\u00edquidos refrigerantes<\/li>\n<li>Aceites y lubricantes para motor y transmisi\u00f3n<\/li>\n<li>Limpiadores de frenos, inyectores y carrocer\u00eda<\/li>\n<li>Selladores, siliconas y grasas t\u00e9cnicas<\/li>\n<li>Productos de cuidado y mantenimiento del veh\u00edculo<\/li>\n<li>Aerosoles y qu\u00edmicos para uso profesional<\/li>\n<\/ul>\n<p>[\/et_pb_toggle][et_pb_divider color=\u00bb#E02B20&#8243; divider_weight=\u00bb6px\u00bb module_class=\u00bbcard-border\u00bb _builder_version=\u00bb4.27.5&#8243; _module_preset=\u00bbdefault\u00bb global_colors_info=\u00bb{}\u00bb][\/et_pb_divider][\/et_pb_column][et_pb_column type=\u00bb1_3&#8243; module_class=\u00bbconmu card\u00bb _builder_version=\u00bb4.27.5&#8243; _module_preset=\u00bbdefault\u00bb global_colors_info=\u00bb{}\u00bb][et_pb_image src=\u00bbhttps:\/\/nafer.com\/wp-content\/uploads\/2026\/03\/febi.png\u00bb title_text=\u00bbfebi\u00bb _builder_version=\u00bb4.27.5&#8243; _module_preset=\u00bbdefault\u00bb width=\u00bb19%\u00bb custom_margin=\u00bb||8px||false|false\u00bb custom_padding=\u00bb||0px||false|false\u00bb global_colors_info=\u00bb{}\u00bb][\/et_pb_image][et_pb_text _builder_version=\u00bb4.27.5&#8243; _module_preset=\u00bbdefault\u00bb header_font=\u00bbPoppins|700|||||||\u00bb header_font_size=\u00bb29px\u00bb header_3_font=\u00bbPoppins||||||||\u00bb custom_margin=\u00bb10px||0px||false|false\u00bb custom_padding=\u00bb||7px||false|false\u00bb global_colors_info=\u00bb{}\u00bb]<\/p>\n<h3>FEBI BILSTEIN\u00a0<\/h3>\n<p>Fundada en 1844 en Ennepetal (Alemania), <strong>Febi Bilstein<\/strong> es una de las marcas m\u00e1s reconocidas del grupo Bilstein Group, junto con SWAG y Blue Print.<\/p>\n<p>[\/et_pb_text][et_pb_toggle title=\u00bbVer m\u00e1s\u00bb open_toggle_text_color=\u00bb#E02B20&#8243; open_toggle_background_color=\u00bbRGBA(255,255,255,0)\u00bb closed_toggle_background_color=\u00bbRGBA(255,255,255,0)\u00bb icon_color=\u00bb#E02B20&#8243; toggle_icon=\u00bb&#x24;||divi||400&#8243; use_icon_font_size=\u00bbon\u00bb icon_font_size=\u00bb25px\u00bb open_toggle_icon=\u00bb&#x23;||divi||400&#8243; _builder_version=\u00bb4.27.5&#8243; _module_preset=\u00bbdefault\u00bb title_text_color=\u00bb#E02B20&#8243; title_font=\u00bb|600|||||||\u00bb title_font_size=\u00bb14px\u00bb position_origin_r=\u00bbbottom_right\u00bb custom_margin=\u00bb0px||-6px||false|false\u00bb custom_padding=\u00bb0px|||0px|false|false\u00bb border_width_all=\u00bb0px\u00bb global_colors_info=\u00bb{}\u00bb]<\/p>\n<ul>\n<li>Componentes de suspensi\u00f3n y direcci\u00f3n<\/li>\n<li>Piezas de freno, embrague y transmisi\u00f3n<\/li>\n<li>Amortiguadores y resortes<\/li>\n<li>Piezas de motor, distribuci\u00f3n y refrigeraci\u00f3n<\/li>\n<li>Sistemas el\u00e9ctricos y de encendido<\/li>\n<li>Recambios para veh\u00edculos pesados y ligeros<\/li>\n<\/ul>\n<p>[\/et_pb_toggle][et_pb_divider color=\u00bb#E02B20&#8243; divider_weight=\u00bb6px\u00bb module_class=\u00bbcard-border\u00bb _builder_version=\u00bb4.27.5&#8243; _module_preset=\u00bbdefault\u00bb locked=\u00bboff\u00bb global_colors_info=\u00bb{}\u00bb][\/et_pb_divider][\/et_pb_column][et_pb_column type=\u00bb1_3&#8243; module_class=\u00bbconmu card\u00bb _builder_version=\u00bb4.27.5&#8243; _module_preset=\u00bbdefault\u00bb global_colors_info=\u00bb{}\u00bb][et_pb_image src=\u00bbhttps:\/\/nafer.com\/wp-content\/uploads\/2026\/03\/metalube.png\u00bb title_text=\u00bbmetalube\u00bb _builder_version=\u00bb4.27.5&#8243; _module_preset=\u00bbdefault\u00bb width=\u00bb25%\u00bb custom_margin=\u00bb||8px||false|false\u00bb custom_padding=\u00bb||0px||false|false\u00bb global_colors_info=\u00bb{}\u00bb][\/et_pb_image][et_pb_text _builder_version=\u00bb4.27.5&#8243; _module_preset=\u00bbdefault\u00bb header_font=\u00bbPoppins|700|||||||\u00bb header_font_size=\u00bb29px\u00bb header_3_font=\u00bbPoppins||||||||\u00bb custom_margin=\u00bb10px||0px||false|false\u00bb custom_padding=\u00bb||7px||false|false\u00bb global_colors_info=\u00bb{}\u00bb]<\/p>\n<h3>METALUBE<\/h3>\n<p><strong>Metalube Ltd.<\/strong> es una empresa brit\u00e1nica fundada en 1988, especializada en lubricantes avanzados y protectores de metal de alto rendimiento.<\/p>\n<p>[\/et_pb_text][et_pb_toggle title=\u00bbVer m\u00e1s\u00bb open_toggle_text_color=\u00bb#E02B20&#8243; open_toggle_background_color=\u00bbRGBA(255,255,255,0)\u00bb closed_toggle_background_color=\u00bbRGBA(255,255,255,0)\u00bb icon_color=\u00bb#E02B20&#8243; toggle_icon=\u00bb&#x24;||divi||400&#8243; use_icon_font_size=\u00bbon\u00bb icon_font_size=\u00bb25px\u00bb open_toggle_icon=\u00bb&#x23;||divi||400&#8243; _builder_version=\u00bb4.27.5&#8243; _module_preset=\u00bbdefault\u00bb title_text_color=\u00bb#E02B20&#8243; title_font=\u00bb|600|||||||\u00bb title_font_size=\u00bb14px\u00bb position_origin_r=\u00bbbottom_right\u00bb custom_margin=\u00bb13px||||false|false\u00bb custom_padding=\u00bb0px|||0px|false|false\u00bb border_width_all=\u00bb0px\u00bb global_colors_info=\u00bb{}\u00bb]<\/p>\n<ul>\n<li>Lubricantes sint\u00e9ticos para motores y transmisiones<\/li>\n<li>Grasas de altas prestaciones y anticorrosivos<\/li>\n<li>Aceites industriales de compresor y engranajes<\/li>\n<li>Aditivos para mejora de rendimiento del motor<\/li>\n<li>Protectores de cadenas y cables de acero<\/li>\n<li>Lubricantes biodegradables para entornos exigentes<\/li>\n<\/ul>\n<p>[\/et_pb_toggle][et_pb_divider color=\u00bb#E02B20&#8243; divider_weight=\u00bb6px\u00bb module_class=\u00bbcard-border\u00bb _builder_version=\u00bb4.27.5&#8243; _module_preset=\u00bbdefault\u00bb custom_margin=\u00bb-28px|||||\u00bb locked=\u00bboff\u00bb global_colors_info=\u00bb{}\u00bb][\/et_pb_divider][\/et_pb_column][\/et_pb_row][\/et_pb_section]<\/p>\n","protected":false},"excerpt":{"rendered":"<p>Lubricantes y aditivosSomos distribuidores de las mejores marcas del sector del automovil.Nuestros fabricantesKrafft Fundada en 1963 en Barcelona, Krafft es una de las marcas espa\u00f1olas m\u00e1s consolidadas en productos qu\u00edmicos para el mantenimiento del veh\u00edculo y la industria. Anticongelantes y l\u00edquidos refrigerantes Aceites y lubricantes para motor y transmisi\u00f3n Limpiadores de frenos, inyectores y carrocer\u00eda Selladores, siliconas y grasas t\u00e9cnicas Productos de cuidado y mantenimiento del veh\u00edculo Aerosoles y qu\u00edmicos para uso profesional FEBI BILSTEIN\u00a0 Fundada en 1844 en Ennepetal (Alemania), Febi Bilstein es una de las marcas m\u00e1s reconocidas del grupo Bilstein Group, junto con SWAG y Blue Print. Componentes de suspensi\u00f3n y direcci\u00f3n Piezas de freno, embrague y transmisi\u00f3n Amortiguadores y resortes Piezas de motor, distribuci\u00f3n y refrigeraci\u00f3n Sistemas el\u00e9ctricos y de encendido Recambios para veh\u00edculos pesados y ligeros METALUBE Metalube Ltd. es una empresa brit\u00e1nica fundada en 1988, especializada en lubricantes avanzados y protectores de metal de alto rendimiento. Lubricantes sint\u00e9ticos para motores y transmisiones Grasas de altas prestaciones y anticorrosivos Aceites industriales de compresor y engranajes Aditivos para mejora de rendimiento del motor Protectores de cadenas y cables de acero Lubricantes biodegradables para entornos exigentes<\/p>\n","protected":false},"author":1,"featured_media":0,"parent":0,"menu_order":0,"comment_status":"closed","ping_status":"closed","template":"","meta":{"_et_pb_use_builder":"on","_et_pb_old_content":"","_et_gb_content_width":"","footnotes":""},"class_list":["post-314","page","type-page","status-publish","hentry"],"_links":{"self":[{"href":"https:\/\/nafer.com\/index.php?rest_route=\/wp\/v2\/pages\/314","targetHints":{"allow":["GET"]}}],"collection":[{"href":"https:\/\/nafer.com\/index.php?rest_route=\/wp\/v2\/pages"}],"about":[{"href":"https:\/\/nafer.com\/index.php?rest_route=\/wp\/v2\/types\/page"}],"author":[{"embeddable":true,"href":"https:\/\/nafer.com\/index.php?rest_route=\/wp\/v2\/users\/1"}],"replies":[{"embeddable":true,"href":"https:\/\/nafer.com\/index.php?rest_route=%2Fwp%2Fv2%2Fcomments&post=314"}],"version-history":[{"count":4,"href":"https:\/\/nafer.com\/index.php?rest_route=\/wp\/v2\/pages\/314\/revisions"}],"predecessor-version":[{"id":347,"href":"https:\/\/nafer.com\/index.php?rest_route=\/wp\/v2\/pages\/314\/revisions\/347"}],"wp:attachment":[{"href":"https:\/\/nafer.com\/index.php?rest_route=%2Fwp%2Fv2%2Fmedia&parent=314"}],"curies":[{"name":"wp","href":"https:\/\/api.w.org\/{rel}","templated":true}]}}