{"id":190,"date":"2026-02-02T11:56:11","date_gmt":"2026-02-02T10:56:11","guid":{"rendered":"http:\/\/nafer.com\/?page_id=190"},"modified":"2026-05-06T16:00:58","modified_gmt":"2026-05-06T14:00:58","slug":"tiendas-nafer","status":"publish","type":"page","link":"https:\/\/nafer.com\/?page_id=190","title":{"rendered":"Tiendas Nafer"},"content":{"rendered":"<p>[et_pb_section fb_built=\u00bb1&#8243; _builder_version=\u00bb4.27.4&#8243; _module_preset=\u00bbdefault\u00bb background_image=\u00bbhttps:\/\/nafer.com\/wp-content\/uploads\/2026\/02\/car_repair_shop-04.jpg\u00bb custom_margin=\u00bb||0px||false|false\u00bb custom_padding=\u00bb206px||153px|||\u00bb da_disable_devices=\u00bboff|off|off\u00bb global_colors_info=\u00bb{}\u00bb da_is_popup=\u00bboff\u00bb da_exit_intent=\u00bboff\u00bb da_has_close=\u00bbon\u00bb da_alt_close=\u00bboff\u00bb da_dark_close=\u00bboff\u00bb da_not_modal=\u00bbon\u00bb da_is_singular=\u00bboff\u00bb da_with_loader=\u00bboff\u00bb da_has_shadow=\u00bbon\u00bb][et_pb_row _builder_version=\u00bb4.27.4&#8243; _module_preset=\u00bbdefault\u00bb global_colors_info=\u00bb{}\u00bb][et_pb_column type=\u00bb4_4&#8243; _builder_version=\u00bb4.27.4&#8243; _module_preset=\u00bbdefault\u00bb global_colors_info=\u00bb{}\u00bb][et_pb_text _builder_version=\u00bb4.27.4&#8243; _module_preset=\u00bb60870d62-2fd8-49f5-8b8b-5206be78e108&#8243; header_font=\u00bbPoppins||||||||\u00bb header_text_color=\u00bb#FFFFFF\u00bb header_font_size=\u00bb52px\u00bb global_colors_info=\u00bb{}\u00bb]<\/p>\n<h1>Nuestras Tiendas<\/h1>\n<p>[\/et_pb_text][\/et_pb_column][\/et_pb_row][\/et_pb_section][et_pb_section fb_built=\u00bb1&#8243; _builder_version=\u00bb4.27.4&#8243; _module_preset=\u00bbdefault\u00bb background_color=\u00bb#f7f7f7&#8243; custom_margin=\u00bb0px||||false|false\u00bb custom_padding=\u00bb40px||||false|false\u00bb da_disable_devices=\u00bboff|off|off\u00bb global_colors_info=\u00bb{}\u00bb da_is_popup=\u00bboff\u00bb da_exit_intent=\u00bboff\u00bb da_has_close=\u00bbon\u00bb da_alt_close=\u00bboff\u00bb da_dark_close=\u00bboff\u00bb da_not_modal=\u00bbon\u00bb da_is_singular=\u00bboff\u00bb da_with_loader=\u00bboff\u00bb da_has_shadow=\u00bbon\u00bb][et_pb_row _builder_version=\u00bb4.27.4&#8243; _module_preset=\u00bb_initial\u00bb custom_padding=\u00bb||14px||false|false\u00bb global_colors_info=\u00bb{}\u00bb][et_pb_column type=\u00bb4_4&#8243; _builder_version=\u00bb4.16&#8243; _module_preset=\u00bbdefault\u00bb custom_padding=\u00bb|||\u00bb global_colors_info=\u00bb{}\u00bb custom_padding__hover=\u00bb|||\u00bb][et_pb_text _builder_version=\u00bb4.27.5&#8243; _module_preset=\u00bbdefault\u00bb header_2_font=\u00bbPoppins||||||||\u00bb header_2_font_size=\u00bb35px\u00bb custom_margin=\u00bb||20px|||\u00bb header_2_font_size_tablet=\u00bb35px\u00bb header_2_font_size_phone=\u00bb35px\u00bb header_2_font_size_last_edited=\u00bbon|phone\u00bb global_colors_info=\u00bb{}\u00bb]<\/p>\n<h2 style=\"text-align: center;\">Localiza tu <span style=\"color: #ff0000;\">punto de venta<\/span> m\u00e1s cercano<\/h2>\n<p>[\/et_pb_text][\/et_pb_column][\/et_pb_row][et_pb_row column_structure=\u00bb1_2,1_2&#8243; module_class=\u00bbancho\u00bb _builder_version=\u00bb4.27.5&#8243; _module_preset=\u00bbdefault\u00bb background_color=\u00bb#FFFFFF\u00bb width=\u00bb100%\u00bb max_width=\u00bb1600px\u00bb custom_margin=\u00bb-9px|auto||auto||\u00bb custom_padding=\u00bb20px||20px|20px|true|false\u00bb global_colors_info=\u00bb{}\u00bb][et_pb_column type=\u00bb1_2&#8243; _builder_version=\u00bb4.27.4&#8243; _module_preset=\u00bbdefault\u00bb global_colors_info=\u00bb{}\u00bb][et_pb_image src=\u00bbhttps:\/\/nafer.com\/wp-content\/uploads\/2026\/02\/foto-tienda-poligono1.jpg\u00bb title_text=\u00bbfoto tienda poligono1&#8243; force_fullwidth=\u00bbon\u00bb _builder_version=\u00bb4.27.4&#8243; _module_preset=\u00bbdefault\u00bb animation_style=\u00bbfade\u00bb box_shadow_style=\u00bbpreset2&#8243; global_colors_info=\u00bb{}\u00bb][\/et_pb_image][\/et_pb_column][et_pb_column type=\u00bb1_2&#8243; _builder_version=\u00bb4.27.4&#8243; _module_preset=\u00bbdefault\u00bb global_colors_info=\u00bb{}\u00bb][et_pb_text _builder_version=\u00bb4.27.5&#8243; _module_preset=\u00bbdefault\u00bb header_2_font=\u00bbPoppins|700|||||||\u00bb header_2_font_size=\u00bb28px\u00bb custom_margin=\u00bb||13px|||\u00bb global_colors_info=\u00bb{}\u00bb]<\/p>\n<h2>CENTRAL<\/h2>\n<p>[\/et_pb_text][et_pb_text _builder_version=\u00bb4.27.5&#8243; _module_preset=\u00bbdefault\u00bb text_font=\u00bbPoppins||||||||\u00bb text_text_color=\u00bb#444444&#8243; text_font_size=\u00bb18px\u00bb custom_margin=\u00bb||15px|||\u00bb global_colors_info=\u00bb{}\u00bb]<\/p>\n<p>PASEO ARRAPIDE 79<\/p>\n<p>CP.: 20160 SAN SEBATIAN<\/p>\n<p>TELF.: 943 28 67 00<\/p>\n<p>E-MAIL: <span style=\"color: #ff0000;\">pedidos@nafer.com<\/span><\/p>\n<p>Horario: L-V\u00a0 8:30 a 13:00 15:00 a 19:30<\/p>\n<p>\u00a0 \u00a0 \u00a0 \u00a0 \u00a0 \u00a0 \u00a0 \u00a0 S\u00e1bados 8:30-12:30<\/p>\n<p>[\/et_pb_text][et_pb_button button_url=\u00bb@ET-DC@eyJkeW5hbWljIjp0cnVlLCJjb250ZW50IjoicG9zdF9saW5rX3VybF9wYWdlIiwic2V0dGluZ3MiOnsicG9zdF9pZCI6Ijk3OCJ9fQ==@\u00bb button_text=\u00bbContacto\u00bb _builder_version=\u00bb4.27.5&#8243; _dynamic_attributes=\u00bbbutton_url\u00bb _module_preset=\u00bbdefault\u00bb custom_button=\u00bbon\u00bb button_text_color=\u00bb#FFFFFF\u00bb button_bg_color=\u00bb#E02B20&#8243; button_border_radius=\u00bb31px\u00bb custom_margin=\u00bb-7px|||||\u00bb custom_padding=\u00bb|35px||35px|false|true\u00bb global_colors_info=\u00bb{}\u00bb][\/et_pb_button][\/et_pb_column][\/et_pb_row][et_pb_row module_class=\u00bbancho\u00bb _builder_version=\u00bb4.27.5&#8243; _module_preset=\u00bbdefault\u00bb width=\u00bb100%\u00bb max_width=\u00bb1600px\u00bb custom_margin=\u00bb0px||0px||false|false\u00bb custom_padding=\u00bb68px|28px|0px|28px|false|true\u00bb global_colors_info=\u00bb{}\u00bb][et_pb_column type=\u00bb4_4&#8243; _builder_version=\u00bb4.27.4&#8243; _module_preset=\u00bbdefault\u00bb global_colors_info=\u00bb{}\u00bb][et_pb_text _builder_version=\u00bb4.27.4&#8243; _module_preset=\u00bbdefault\u00bb header_2_font=\u00bbPoppins|700|||||||\u00bb header_2_font_size=\u00bb28px\u00bb custom_margin=\u00bb||13px|||\u00bb locked=\u00bboff\u00bb global_colors_info=\u00bb{}\u00bb]<\/p>\n<h2>DELEGACIONES<\/h2>\n<p>[\/et_pb_text][\/et_pb_column][\/et_pb_row][et_pb_row column_structure=\u00bb1_3,1_3,1_3&#8243; use_custom_gutter=\u00bbon\u00bb gutter_width=\u00bb2&#8243; module_class=\u00bbancho\u00bb _builder_version=\u00bb4.27.5&#8243; _module_preset=\u00bbdefault\u00bb background_color=\u00bb#FFFFFF\u00bb width=\u00bb100%\u00bb max_width=\u00bb1600px\u00bb custom_margin=\u00bb0px|auto||auto|false|false\u00bb custom_padding=\u00bb0px|20px|0px|20px|true|true\u00bb border_color_right=\u00bb#E02B20&#8243; global_colors_info=\u00bb{}\u00bb][et_pb_column type=\u00bb1_3&#8243; _builder_version=\u00bb4.27.4&#8243; _module_preset=\u00bbdefault\u00bb box_shadow_style=\u00bbpreset2&#8243; box_shadow_spread=\u00bb-15px\u00bb box_shadow_color=\u00bb#000000&#8243; global_colors_info=\u00bb{}\u00bb][et_pb_blurb title=\u00bbDONOSTIA\u00bb image=\u00bbhttps:\/\/nafer.com\/wp-content\/uploads\/2026\/02\/gros1.webp\u00bb _builder_version=\u00bb4.27.5&#8243; _module_preset=\u00bbdefault\u00bb header_font=\u00bbPoppins||||||||\u00bb header_font_size=\u00bb20px\u00bb body_font=\u00bbPoppins||||||||\u00bb background_color=\u00bb#ededed\u00bb transform_scale=\u00bb102%|102%\u00bb custom_padding=\u00bb10px|10px|10px|10px|true|true\u00bb global_colors_info=\u00bb{}\u00bb transform_styles__hover_enabled=\u00bbon|desktop\u00bb transform_scale__hover_enabled=\u00bbon|desktop\u00bb transform_translate__hover_enabled=\u00bbon|desktop\u00bb transform_rotate__hover_enabled=\u00bbon|desktop\u00bb transform_skew__hover_enabled=\u00bbon|desktop\u00bb transform_origin__hover_enabled=\u00bbon|desktop\u00bb transform_scale__hover=\u00bb102%|102%\u00bb]<\/p>\n<p><span><em>Direcci\u00f3n:<\/em> Secundino Esnaola, 53, 20001 San Sebastian\u00a0<\/span><br \/><i>Tel\u00e9fono:<span>\u00a0<\/span><\/i><span>943 29 27 03<br \/><\/span><span><i data-olk-copy-source=\"MessageBody\">Email:<\/i>\u00a0<\/span><span><span style=\"color: #ff0000;\"><a class=\"x_gmail-OWAAutoLink\" id=\"x_gmail-OWAc121df58-c1bd-ca93-cecf-4515786c723c\" href=\"mailto:gros@nafer.com\" data-linkindex=\"0\" title=\"mailto:gros@nafer.com\" style=\"color: #ff0000; text-decoration: underline;\">gros@nafer.com<\/a><\/span><br \/><\/span><i>Horario:<\/i>\u00a0L-V 08:00 a 13:00 y 15:00 a 18:00<\/p>\n<p>[\/et_pb_blurb][\/et_pb_column][et_pb_column type=\u00bb1_3&#8243; _builder_version=\u00bb4.27.4&#8243; _module_preset=\u00bbdefault\u00bb box_shadow_style=\u00bbpreset2&#8243; box_shadow_spread=\u00bb-15px\u00bb box_shadow_color=\u00bb#000000&#8243; global_colors_info=\u00bb{}\u00bb][et_pb_blurb title=\u00bbAZPEITIA\u00bb image=\u00bbhttps:\/\/nafer.com\/wp-content\/uploads\/2026\/02\/azpeitia1.webp\u00bb _builder_version=\u00bb4.27.5&#8243; _module_preset=\u00bbdefault\u00bb header_font=\u00bbPoppins||||||||\u00bb header_font_size=\u00bb20px\u00bb body_font=\u00bbPoppins||||||||\u00bb background_color=\u00bb#ededed\u00bb transform_scale=\u00bb102%|102%\u00bb custom_padding=\u00bb10px|10px|10px|10px|true|true\u00bb locked=\u00bboff\u00bb global_colors_info=\u00bb{}\u00bb transform_styles__hover_enabled=\u00bbon|desktop\u00bb transform_scale__hover=\u00bb102%|102%\u00bb transform_scale__hover_enabled=\u00bbon|desktop\u00bb transform_translate__hover_enabled=\u00bbon|desktop\u00bb transform_rotate__hover_enabled=\u00bbon|desktop\u00bb transform_skew__hover_enabled=\u00bbon|desktop\u00bb transform_origin__hover_enabled=\u00bbon|desktop\u00bb]<\/p>\n<p><em>Direcci\u00f3n:<\/em> landeta Hiribidea, 30, 20730 Azpeitia<span>\u00a0<\/span><br \/><span><em>Tel\u00e9fono:<\/em> 943 81 47 69<br \/><\/span><em>Email:<\/em> <span style=\"color: #ff0000;\"><a href=\"mailto:gros@nafer.com\" style=\"color: #ff0000;\"><span>azpeiti@nafer.com<\/span><\/a><\/span><br \/><span><em>Horario:<\/em> L-V\u00a0 9:00 a 13:00 15:00 a 19:00<\/span><\/p>\n<p>[\/et_pb_blurb][\/et_pb_column][et_pb_column type=\u00bb1_3&#8243; _builder_version=\u00bb4.27.4&#8243; _module_preset=\u00bbdefault\u00bb box_shadow_style=\u00bbpreset2&#8243; box_shadow_spread=\u00bb-15px\u00bb box_shadow_color=\u00bb#000000&#8243; global_colors_info=\u00bb{}\u00bb][et_pb_blurb title=\u00bbTOLOSA\u00bb image=\u00bbhttps:\/\/nafer.com\/wp-content\/uploads\/2026\/02\/tolosa1.webp\u00bb _builder_version=\u00bb4.27.5&#8243; _module_preset=\u00bbdefault\u00bb header_font=\u00bbPoppins||||||||\u00bb header_font_size=\u00bb20px\u00bb body_font=\u00bbPoppins||||||||\u00bb background_color=\u00bb#ededed\u00bb transform_scale=\u00bb102%|102%\u00bb custom_padding=\u00bb10px|10px|10px|10px|true|true\u00bb locked=\u00bboff\u00bb global_colors_info=\u00bb{}\u00bb transform_styles__hover_enabled=\u00bbon|desktop\u00bb transform_scale__hover=\u00bb102%|102%\u00bb transform_scale__hover_enabled=\u00bbon|desktop\u00bb transform_translate__hover_enabled=\u00bbon|desktop\u00bb transform_rotate__hover_enabled=\u00bbon|desktop\u00bb transform_skew__hover_enabled=\u00bbon|desktop\u00bb transform_origin__hover_enabled=\u00bbon|desktop\u00bb]<\/p>\n<div><i data-olk-copy-source=\"MessageBody\">Direcci\u00f3n:<span>\u00a0<\/span><\/i>\u00a0Iru\u00f1a Etorbidea, 10, 20400, Tolosa<\/div>\n<div><i>Tel\u00e9fono:<\/i>\u00a0943\u00a065 22 97<br \/><i>Email:<\/i><span>\u00a0<\/span><span style=\"color: #ff0000;\"><a class=\"x_gmail-OWAAutoLink\" id=\"x_gmail-OWAba2db322-02c2-bc29-d829-51de7c7cdf41\" href=\"mailto:gros@nafer.com\" data-linkindex=\"1\" title=\"mailto:gros@nafer.com\" style=\"color: #ff0000;\">gros@nafer.com<\/a><\/span><\/div>\n<div><i>Horario:<\/i>\u00a0L-V 08:30 a 13:00 y 15:00 a 19:45<\/div>\n<div>\u00a0 \u00a0 \u00a0 \u00a0 \u00a0 \u00a0 \u00a0 \u00a0 \u00a0 S\u00e1bados: 09:00 a 12:30<\/div>\n<p>[\/et_pb_blurb][\/et_pb_column][\/et_pb_row][et_pb_row column_structure=\u00bb1_3,1_3,1_3&#8243; use_custom_gutter=\u00bbon\u00bb gutter_width=\u00bb2&#8243; module_class=\u00bbancho\u00bb _builder_version=\u00bb4.27.5&#8243; _module_preset=\u00bbdefault\u00bb background_color=\u00bb#FFFFFF\u00bb width=\u00bb100%\u00bb max_width=\u00bb1600px\u00bb custom_margin=\u00bb3px|auto||auto||\u00bb custom_padding=\u00bb20px|20px|20px|20px|true|true\u00bb border_color_right=\u00bb#E02B20&#8243; global_colors_info=\u00bb{}\u00bb][et_pb_column type=\u00bb1_3&#8243; _builder_version=\u00bb4.27.4&#8243; _module_preset=\u00bbdefault\u00bb box_shadow_style=\u00bbpreset2&#8243; box_shadow_spread=\u00bb-15px\u00bb box_shadow_color=\u00bb#000000&#8243; global_colors_info=\u00bb{}\u00bb][et_pb_blurb title=\u00bbBERGARA\u00bb image=\u00bbhttps:\/\/nafer.com\/wp-content\/uploads\/2026\/02\/secundino-1.jpg\u00bb _builder_version=\u00bb4.27.5&#8243; _module_preset=\u00bbdefault\u00bb header_font=\u00bbPoppins||||||||\u00bb header_font_size=\u00bb20px\u00bb body_font=\u00bbPoppins||||||||\u00bb background_color=\u00bb#ededed\u00bb transform_scale=\u00bb102%|102%\u00bb custom_padding=\u00bb10px|10px|10px|10px|true|true\u00bb global_colors_info=\u00bb{}\u00bb transform_styles__hover_enabled=\u00bbon|desktop\u00bb transform_scale__hover=\u00bb102%|102%\u00bb transform_scale__hover_enabled=\u00bbon|desktop\u00bb transform_translate__hover_enabled=\u00bbon|desktop\u00bb transform_rotate__hover_enabled=\u00bbon|desktop\u00bb transform_skew__hover_enabled=\u00bbon|desktop\u00bb transform_origin__hover_enabled=\u00bbon|desktop\u00bb]<\/p>\n<p><span><em>Direcci\u00f3n:<\/em> San Lorenzo 25, 20570 Bergara<br \/><\/span><span><em>Tel\u00e9fono:<\/em> 943 76 16 9<br \/><em>Email: <\/em><\/span><span style=\"color: #ff0000;\"><a href=\"mailto:gros@nafer.com\" style=\"color: #ff0000;\"><span>bergara@nafer.com<\/span><\/a><br \/><\/span><em>Horario:<\/em> L-V 8:00 a 13:00 15:00\u00a0 a 19:30<br \/>\u00a0 \u00a0 \u00a0 \u00a0 \u00a0 \u00a0 \u00a0 \u00a0 \u00a0 S\u00e1bados de 8:00 a 19:00<\/p>\n<p>[\/et_pb_blurb][\/et_pb_column][et_pb_column type=\u00bb1_3&#8243; _builder_version=\u00bb4.27.4&#8243; _module_preset=\u00bbdefault\u00bb box_shadow_style=\u00bbpreset2&#8243; box_shadow_spread=\u00bb-15px\u00bb box_shadow_color=\u00bb#000000&#8243; global_colors_info=\u00bb{}\u00bb][et_pb_blurb title=\u00bbZARAUTZ\u00bb image=\u00bbhttps:\/\/nafer.com\/wp-content\/uploads\/2026\/02\/zarautz1.webp\u00bb _builder_version=\u00bb4.27.5&#8243; _module_preset=\u00bbdefault\u00bb header_font=\u00bbPoppins||||||||\u00bb header_font_size=\u00bb20px\u00bb body_font=\u00bbPoppins||||||||\u00bb background_color=\u00bb#ededed\u00bb transform_scale=\u00bb102%|102%\u00bb custom_padding=\u00bb10px|10px|10px|10px|true|true\u00bb hover_enabled=\u00bb0&#8243; locked=\u00bboff\u00bb global_colors_info=\u00bb{}\u00bb transform_styles__hover_enabled=\u00bbon|desktop\u00bb transform_scale__hover=\u00bb102%|102%\u00bb transform_scale__hover_enabled=\u00bbon|desktop\u00bb transform_translate__hover_enabled=\u00bbon|desktop\u00bb transform_rotate__hover_enabled=\u00bbon|desktop\u00bb transform_skew__hover_enabled=\u00bbon|desktop\u00bb transform_origin__hover_enabled=\u00bbon|desktop\u00bb sticky_enabled=\u00bb0&#8243;]<\/p>\n<p><span><em>Direcci\u00f3n:<\/em> Pol. Abenda\u00f1o 2, 20800 Zarautz<br \/><\/span><span><em>Tel\u00e9fono:<\/em> 943 89 55 90<br \/><em>Email: <\/em><\/span><span style=\"color: #ff0000;\">zarautz@nafer.com<\/span><br \/><span><em>Horario:<\/em> L-V\u00a0 9:00 a 13:00 15:00 a\u00a0 19:00<\/span><\/p>\n<p>[\/et_pb_blurb][\/et_pb_column][et_pb_column type=\u00bb1_3&#8243; _builder_version=\u00bb4.27.4&#8243; _module_preset=\u00bbdefault\u00bb box_shadow_style=\u00bbpreset2&#8243; box_shadow_spread=\u00bb-15px\u00bb box_shadow_color=\u00bb#000000&#8243; global_colors_info=\u00bb{}\u00bb][et_pb_blurb title=\u00bbMARTUTENE\u00bb image=\u00bbhttps:\/\/nafer.com\/wp-content\/uploads\/2026\/02\/foto-tienda-poligono.jpg\u00bb _builder_version=\u00bb4.27.5&#8243; _module_preset=\u00bbdefault\u00bb header_font=\u00bbPoppins||||||||\u00bb header_font_size=\u00bb20px\u00bb body_font=\u00bbPoppins||||||||\u00bb background_color=\u00bb#ededed\u00bb transform_scale=\u00bb102%|102%\u00bb custom_padding=\u00bb10px|10px|10px|10px|true|true\u00bb locked=\u00bboff\u00bb global_colors_info=\u00bb{}\u00bb transform_styles__hover_enabled=\u00bbon|desktop\u00bb transform_scale__hover=\u00bb102%|102%\u00bb transform_scale__hover_enabled=\u00bbon|desktop\u00bb transform_translate__hover_enabled=\u00bbon|desktop\u00bb transform_rotate__hover_enabled=\u00bbon|desktop\u00bb transform_skew__hover_enabled=\u00bbon|desktop\u00bb transform_origin__hover_enabled=\u00bbon|desktop\u00bb]<\/p>\n<p><span><em>Direcci\u00f3n:<\/em> Pol. 27, Pso. Ubarburu 9, 20014 San Sebasti\u00e1n<br \/><\/span><span><em>Tel\u00e9fono:<\/em> 943 44 65 60<br \/><\/span><em>Email: <\/em><span style=\"color: #ff0000;\">poligono@nafer.com<\/span><br \/><span><em>Horario:<\/em> L-V 8:30 a 13:00 15:00 a 18:00<\/span><\/p>\n<p>[\/et_pb_blurb][\/et_pb_column][\/et_pb_row][et_pb_row module_class=\u00bbancho\u00bb _builder_version=\u00bb4.27.5&#8243; _module_preset=\u00bbdefault\u00bb width=\u00bb100%\u00bb max_width=\u00bb1600px\u00bb custom_padding=\u00bb||44px|||\u00bb global_colors_info=\u00bb{}\u00bb][et_pb_column type=\u00bb4_4&#8243; _builder_version=\u00bb4.27.4&#8243; _module_preset=\u00bbdefault\u00bb global_colors_info=\u00bb{}\u00bb][et_pb_text module_id=\u00bbloc\u00bb _builder_version=\u00bb4.27.4&#8243; _module_preset=\u00bbdefault\u00bb global_colors_info=\u00bb{}\u00bb]<\/p>\n<h2>Localizaci\u00f3n<\/h2>\n<p>[\/et_pb_text][et_pb_code _builder_version=\u00bb4.27.4&#8243; _module_preset=\u00bbdefault\u00bb global_colors_info=\u00bb{}\u00bb]<iframe loading=\"lazy\" src=\"https:\/\/www.google.com\/maps\/d\/embed?mid=18ZaMmzBtQ9s-TO_G5Ejyg8amsIutd9JY&#038;ehbc=2E312F\" width=\"100%\" height=\"580\"><\/iframe>[\/et_pb_code][\/et_pb_column][\/et_pb_row][\/et_pb_section]<\/p>\n","protected":false},"excerpt":{"rendered":"<p>Nuestras TiendasLocaliza tu punto de venta m\u00e1s cercanoCENTRALPASEO ARRAPIDE 79 CP.: 20160 SAN SEBATIAN TELF.: 943 28 67 00 E-MAIL: pedidos@nafer.com Horario: L-V\u00a0 8:30 a 13:00 15:00 a 19:30 \u00a0 \u00a0 \u00a0 \u00a0 \u00a0 \u00a0 \u00a0 \u00a0 S\u00e1bados 8:30-12:30DELEGACIONESDirecci\u00f3n: Secundino Esnaola, 53, 20001 San Sebastian\u00a0Tel\u00e9fono:\u00a0943 29 27 03Email:\u00a0gros@nafer.comHorario:\u00a0L-V 08:00 a 13:00 y 15:00 a 18:00Direcci\u00f3n: landeta Hiribidea, 30, 20730 Azpeitia\u00a0Tel\u00e9fono: 943 81 47 69Email: azpeiti@nafer.comHorario: L-V\u00a0 9:00 a 13:00 15:00 a 19:00Direcci\u00f3n:\u00a0\u00a0Iru\u00f1a Etorbidea, 10, 20400, Tolosa Tel\u00e9fono:\u00a0943\u00a065 22 97Email:\u00a0gros@nafer.com Horario:\u00a0L-V 08:30 a 13:00 y 15:00 a 19:45 \u00a0 \u00a0 \u00a0 \u00a0 \u00a0 \u00a0 \u00a0 \u00a0 \u00a0 S\u00e1bados: 09:00 a 12:30Direcci\u00f3n: San Lorenzo 25, 20570 BergaraTel\u00e9fono: 943 76 16 9Email: bergara@nafer.comHorario: L-V 8:00 a 13:00 15:00\u00a0 a 19:30\u00a0 \u00a0 \u00a0 \u00a0 \u00a0 \u00a0 \u00a0 \u00a0 \u00a0 S\u00e1bados de 8:00 a 19:00Direcci\u00f3n: Pol. Abenda\u00f1o 2, 20800 ZarautzTel\u00e9fono: 943 89 55 90Email: zarautz@nafer.comHorario: L-V\u00a0 9:00 a 13:00 15:00 a\u00a0 19:00Direcci\u00f3n: Pol. 27, Pso. Ubarburu 9, 20014 San Sebasti\u00e1nTel\u00e9fono: 943 44 65 60Email: poligono@nafer.comHorario: L-V 8:30 a 13:00 15:00 a 18:00Localizaci\u00f3n<\/p>\n","protected":false},"author":1,"featured_media":0,"parent":0,"menu_order":0,"comment_status":"closed","ping_status":"closed","template":"","meta":{"_et_pb_use_builder":"on","_et_pb_old_content":"","_et_gb_content_width":"","footnotes":""},"class_list":["post-190","page","type-page","status-publish","hentry"],"_links":{"self":[{"href":"https:\/\/nafer.com\/index.php?rest_route=\/wp\/v2\/pages\/190","targetHints":{"allow":["GET"]}}],"collection":[{"href":"https:\/\/nafer.com\/index.php?rest_route=\/wp\/v2\/pages"}],"about":[{"href":"https:\/\/nafer.com\/index.php?rest_route=\/wp\/v2\/types\/page"}],"author":[{"embeddable":true,"href":"https:\/\/nafer.com\/index.php?rest_route=\/wp\/v2\/users\/1"}],"replies":[{"embeddable":true,"href":"https:\/\/nafer.com\/index.php?rest_route=%2Fwp%2Fv2%2Fcomments&post=190"}],"version-history":[{"count":19,"href":"https:\/\/nafer.com\/index.php?rest_route=\/wp\/v2\/pages\/190\/revisions"}],"predecessor-version":[{"id":374,"href":"https:\/\/nafer.com\/index.php?rest_route=\/wp\/v2\/pages\/190\/revisions\/374"}],"wp:attachment":[{"href":"https:\/\/nafer.com\/index.php?rest_route=%2Fwp%2Fv2%2Fmedia&parent=190"}],"curies":[{"name":"wp","href":"https:\/\/api.w.org\/{rel}","templated":true}]}}